{"id":217,"date":"2026-03-20T15:36:58","date_gmt":"2026-03-20T14:36:58","guid":{"rendered":"https:\/\/bit2.xyz\/ecup\/?page_id=217"},"modified":"2026-03-24T10:27:52","modified_gmt":"2026-03-24T09:27:52","slug":"anmeldung-2026","status":"publish","type":"page","link":"https:\/\/euregio-cup.de\/?page_id=217","title":{"rendered":"Anmeldung 2026"},"content":{"rendered":"<p>[et_pb_section fb_built=&#8220;1&#8243; _builder_version=&#8220;4.27.6&#8243; _module_preset=&#8220;default&#8220; global_colors_info=&#8220;{}&#8220; theme_builder_area=&#8220;post_content&#8220;][et_pb_row _builder_version=&#8220;4.27.6&#8243; _module_preset=&#8220;default&#8220; width=&#8220;100%&#8220; custom_padding=&#8220;0px||||false|false&#8220; border_width_top=&#8220;1px&#8220; border_color_top=&#8220;#cc141d&#8220; global_colors_info=&#8220;{}&#8220; theme_builder_area=&#8220;post_content&#8220;][et_pb_column type=&#8220;4_4&#8243; _builder_version=&#8220;4.27.6&#8243; _module_preset=&#8220;default&#8220; global_colors_info=&#8220;{}&#8220; theme_builder_area=&#8220;post_content&#8220;][et_pb_text _builder_version=&#8220;4.27.6&#8243; _module_preset=&#8220;default&#8220; header_2_font=&#8220;|600|on|||on|||&#8220; header_2_text_align=&#8220;center&#8220; header_2_text_color=&#8220;#FFFFFF&#8220; header_2_font_size=&#8220;20px&#8220; background_color=&#8220;#cc141d&#8220; width=&#8220;50%&#8220; custom_padding=&#8220;10px||||false|false&#8220; border_radii=&#8220;off|||10px|&#8220; global_colors_info=&#8220;{}&#8220; theme_builder_area=&#8220;post_content&#8220;]<\/p>\n<h2>Zahlungshinweis<\/h2>\n<p>[\/et_pb_text][et_pb_text _builder_version=&#8220;4.27.6&#8243; _module_preset=&#8220;default&#8220; hover_enabled=&#8220;0&#8243; global_colors_info=&#8220;{}&#8220; theme_builder_area=&#8220;post_content&#8220; sticky_enabled=&#8220;0&#8243;]<\/p>\n<p>Nach Einreichen der Anmeldung haben Sie <strong>14 Tage Zeit f\u00fcr die \u00dcberweisung<\/strong>. Nach der erfolgreichen Anmeldung ihrer Teams erhalten sie eine automatische E-Mail mit den Kontodaten und sonstigen Informationen. Bitte schauen Sie auch in Ihrem Spam-Ordner nach.<\/p>\n<p><strong>Die Anmeldegeb\u00fchr pro Team (exklusive \u00dcbernachtung\/Fr\u00fchst\u00fcck) betr\u00e4gt 50,00 \u20ac.<\/strong><\/p>\n<p>[\/et_pb_text][\/et_pb_column][\/et_pb_row][et_pb_row _builder_version=&#8220;4.27.6&#8243; _module_preset=&#8220;default&#8220; width=&#8220;100%&#8220; custom_padding=&#8220;0px||||false|false&#8220; global_colors_info=&#8220;{}&#8220; theme_builder_area=&#8220;post_content&#8220;][et_pb_column type=&#8220;4_4&#8243; _builder_version=&#8220;4.27.6&#8243; _module_preset=&#8220;default&#8220; global_colors_info=&#8220;{}&#8220; theme_builder_area=&#8220;post_content&#8220;][dsm_contact_form_7 cf7_library=&#8220;216&#8243; show_validation=&#8220;on&#8220; button_alignment=&#8220;center&#8220; error_msg_background_color=&#8220;RGBA(255,255,255,0)&#8220; _builder_version=&#8220;4.27.6&#8243; _module_preset=&#8220;default&#8220; labels_font=&#8220;|700|||||||&#8220; labels_font_size=&#8220;16px&#8220; error_msg_font=&#8220;|700||||on|||&#8220; error_msg_text_align=&#8220;center&#8220; error_msg_text_color=&#8220;#cc141d&#8220; custom_button_one=&#8220;on&#8220; button_one_text_color=&#8220;#FFFFFF&#8220; button_one_bg_color=&#8220;#cc141d&#8220; button_one_border_width=&#8220;0px&#8220; button_one_border_radius=&#8220;10px&#8220; button_one_font=&#8220;|600||||on|||&#8220; button_one_use_icon=&#8220;off&#8220; border_radii_image=&#8220;off|||10px|&#8220; border_radii_error_msg=&#8220;off||||&#8220; border_width_top_error_msg=&#8220;1px&#8220; border_color_top_error_msg=&#8220;#cc141d&#8220; global_colors_info=&#8220;{}&#8220; theme_builder_area=&#8220;post_content&#8220;][\/dsm_contact_form_7][\/et_pb_column][\/et_pb_row][\/et_pb_section]<\/p>\n","protected":false},"excerpt":{"rendered":"<p>ZahlungshinweisNach Einreichen der Anmeldung haben Sie 14 Tage Zeit f\u00fcr die \u00dcberweisung. Nach der erfolgreichen Anmeldung ihrer Teams erhalten sie eine automatische E-Mail mit den Kontodaten und sonstigen Informationen. Bitte schauen Sie auch in Ihrem Spam-Ordner nach. Die Anmeldegeb\u00fchr pro Team (exklusive \u00dcbernachtung\/Fr\u00fchst\u00fcck) betr\u00e4gt 50,00 \u20ac.<div class=\"et_pb_with_border et_pb_module dsm_contact_form_7 dsm_contact_form_7_0\">\n\t\t\t\t\n\t\t\t\t\n\t\t\t\t\n\t\t\t\t\n\t\t\t\t\n\t\t\t\t\n\t\t\t\t<div class=\"et_pb_module_inner\">\n\t\t\t\t\t<div class=\"\">\n\t\t\t\t\n<div class=\"wpcf7 no-js\" id=\"wpcf7-f216-o1\" lang=\"de-DE\" dir=\"ltr\" data-wpcf7-id=\"216\">\n<div class=\"screen-reader-response\"><p role=\"status\" aria-live=\"polite\" aria-atomic=\"true\"><\/p> <ul><\/ul><\/div>\n<form action=\"\/index.php?rest_route=%2Fwp%2Fv2%2Fpages%2F217#wpcf7-f216-o1\" method=\"post\" class=\"wpcf7-form init wpcf7-acceptance-as-validation\" aria-label=\"Kontaktformular\" novalidate=\"novalidate\" data-status=\"init\">\n<fieldset class=\"hidden-fields-container\"><input type=\"hidden\" name=\"_wpcf7\" value=\"216\" \/><input type=\"hidden\" name=\"_wpcf7_version\" value=\"6.1.5\" \/><input type=\"hidden\" name=\"_wpcf7_locale\" value=\"de_DE\" \/><input type=\"hidden\" name=\"_wpcf7_unit_tag\" value=\"wpcf7-f216-o1\" \/><input type=\"hidden\" name=\"_wpcf7_container_post\" value=\"0\" \/><input type=\"hidden\" name=\"_wpcf7_posted_data_hash\" value=\"\" \/><input type=\"hidden\" name=\"_wpcf7cf_hidden_group_fields\" value=\"[]\" \/><input type=\"hidden\" name=\"_wpcf7cf_hidden_groups\" value=\"[]\" \/><input type=\"hidden\" name=\"_wpcf7cf_visible_groups\" value=\"[]\" \/><input type=\"hidden\" name=\"_wpcf7cf_repeaters\" value=\"[]\" \/><input type=\"hidden\" name=\"_wpcf7cf_steps\" value=\"{}\" \/><input type=\"hidden\" name=\"_wpcf7cf_options\" value=\"{&quot;form_id&quot;:216,&quot;conditions&quot;:[{&quot;then_field&quot;:&quot;group-teamclass-men&quot;,&quot;and_rules&quot;:[{&quot;if_field&quot;:&quot;team-classselector&quot;,&quot;operator&quot;:&quot;equals&quot;,&quot;if_value&quot;:&quot;M\\u00e4nnlich E&quot;}]},{&quot;then_field&quot;:&quot;group-teamclass-women&quot;,&quot;and_rules&quot;:[{&quot;if_field&quot;:&quot;team-classselector&quot;,&quot;operator&quot;:&quot;equals&quot;,&quot;if_value&quot;:&quot;Weiblich E&quot;}]}],&quot;settings&quot;:{&quot;animation&quot;:&quot;yes&quot;,&quot;animation_intime&quot;:200,&quot;animation_outtime&quot;:200,&quot;conditions_ui&quot;:&quot;normal&quot;,&quot;notice_dismissed&quot;:false,&quot;repeater_remove_button&quot;:&quot;bottom&quot;}}\" \/>\n<\/fieldset>\n<div class=\"zm_headline_redcarpet\">\n\t<h2>Stammdaten*\n\t<\/h2>\n<\/div>\n<p><label> Team \/ Vereinsname*<br \/>\n<span class=\"wpcf7-form-control-wrap\" data-name=\"teamname\"><input size=\"40\" maxlength=\"400\" class=\"wpcf7-form-control wpcf7-text wpcf7-validates-as-required\" autocomplete=\"teamname\" aria-required=\"true\" aria-invalid=\"false\" value=\"\" type=\"text\" name=\"teamname\" \/><\/span> <\/label>\n<\/p>\n<p><label> Ansprechpartner*<br \/>\n<span class=\"wpcf7-form-control-wrap\" data-name=\"teamcontact\"><input size=\"40\" maxlength=\"400\" class=\"wpcf7-form-control wpcf7-text wpcf7-validates-as-required\" autocomplete=\"teamcontact\" aria-required=\"true\" aria-invalid=\"false\" value=\"\" type=\"text\" name=\"teamcontact\" \/><\/span> <\/label>\n<\/p>\n<p><label> Stra\u00dfe Nr.*<br \/>\n<span class=\"wpcf7-form-control-wrap\" data-name=\"teamstreet\"><input size=\"40\" maxlength=\"400\" class=\"wpcf7-form-control wpcf7-text wpcf7-validates-as-required\" autocomplete=\"teamstreet\" aria-required=\"true\" aria-invalid=\"false\" value=\"\" type=\"text\" name=\"teamstreet\" \/><\/span> <\/label>\n<\/p>\n<p><label> Ort, PLZ*<br \/>\n<span class=\"wpcf7-form-control-wrap\" data-name=\"teamaddress\"><input size=\"40\" maxlength=\"400\" class=\"wpcf7-form-control wpcf7-text wpcf7-validates-as-required\" autocomplete=\"teamaddress\" aria-required=\"true\" aria-invalid=\"false\" value=\"\" type=\"text\" name=\"teamaddress\" \/><\/span> <\/label>\n<\/p>\n<p><label> E-Mail-Adresse*<br \/>\n<span class=\"wpcf7-form-control-wrap\" data-name=\"teamemail\"><input size=\"40\" maxlength=\"400\" class=\"wpcf7-form-control wpcf7-email wpcf7-validates-as-required wpcf7-text wpcf7-validates-as-email\" autocomplete=\"team-email\" aria-required=\"true\" aria-invalid=\"false\" value=\"\" type=\"email\" name=\"teamemail\" \/><\/span> <\/label>\n<\/p>\n<p><label> Telefonnummer*<br \/>\n<span class=\"wpcf7-form-control-wrap\" data-name=\"teamphone\"><input size=\"40\" maxlength=\"400\" class=\"wpcf7-form-control wpcf7-tel wpcf7-validates-as-required wpcf7-text wpcf7-validates-as-tel\" aria-required=\"true\" aria-invalid=\"false\" value=\"\" type=\"tel\" name=\"teamphone\" \/><\/span> <\/label>\n<\/p>\n<div class=\"zm_headline_redcarpet\">\n\t<h2>Spielklasse(n)*\n\t<\/h2>\n<\/div>\n<p><span class=\"wpcf7-form-control-wrap\" data-name=\"team-classselector\"><span class=\"wpcf7-form-control wpcf7-checkbox wpcf7-validates-as-required\"><span class=\"wpcf7-list-item first\"><label><input type=\"checkbox\" name=\"team-classselector[]\" value=\"M\u00e4nnlich E\" \/><span class=\"wpcf7-list-item-label\">M\u00e4nnlich E<\/span><\/label><\/span><span class=\"wpcf7-list-item last\"><label><input type=\"checkbox\" name=\"team-classselector[]\" value=\"Weiblich E\" \/><span class=\"wpcf7-list-item-label\">Weiblich E<\/span><\/label><\/span><\/span><\/span>\n<\/p>\n<div data-id=\"group-teamclass-men\" data-orig_data_id=\"group-teamclass-men\"  class=\"\" data-class=\"wpcf7cf_group\">\n\t<div class=\"zm_headline_redcarpet\">\n\t\t<h3>M\u00e4nnlich E\n\t\t<\/h3>\n\t<\/div>\n\t<p><label> M\u00e4nnlich E \/ Teams<br \/>\n<span class=\"wpcf7-form-control-wrap\" data-name=\"team-teams-men-count\"><input class=\"wpcf7-form-control wpcf7-number wpcf7-validates-as-required wpcf7-validates-as-number\" min=\"0\" max=\"5\" aria-required=\"true\" aria-invalid=\"false\" value=\"1\" type=\"number\" name=\"team-teams-men-count\" \/><\/span><\/label><br \/>\n<label> \u00dcbernachtung Freitag auf Samstag inkl. Fr\u00fchst\u00fcck ( 12,00 \u20ac pro Person )<br \/>\n<span class=\"wpcf7-form-control-wrap\" data-name=\"team-teamsmen-fri2sat-count\"><input class=\"wpcf7-form-control wpcf7-number wpcf7-validates-as-required wpcf7-validates-as-number\" min=\"0\" max=\"99\" aria-required=\"true\" aria-invalid=\"false\" value=\"0\" type=\"number\" name=\"team-teamsmen-fri2sat-count\" \/><\/span><\/label><br \/>\n<label> \u00dcbernachtung Samstag auf Sonntag inkl. Fr\u00fchst\u00fcck ( 12,00 \u20ac pro Person )<br \/>\n<span class=\"wpcf7-form-control-wrap\" data-name=\"team-teamsmen-sat2sun-count\"><input class=\"wpcf7-form-control wpcf7-number wpcf7-validates-as-required wpcf7-validates-as-number\" min=\"0\" max=\"99\" aria-required=\"true\" aria-invalid=\"false\" value=\"0\" type=\"number\" name=\"team-teamsmen-sat2sun-count\" \/><\/span><\/label>\n\t<\/p>\n<\/div>\n<div data-id=\"group-teamclass-women\" data-orig_data_id=\"group-teamclass-women\"  class=\"\" data-class=\"wpcf7cf_group\">\n\t<div class=\"zm_headline_redcarpet\">\n\t\t<h3>Weiblich E\n\t\t<\/h3>\n\t<\/div>\n\t<p><label> Weiblich E \/ Teams<br \/>\n<span class=\"wpcf7-form-control-wrap\" data-name=\"team-teams-women-count\"><input class=\"wpcf7-form-control wpcf7-number wpcf7-validates-as-required wpcf7-validates-as-number\" min=\"0\" max=\"5\" aria-required=\"true\" aria-invalid=\"false\" value=\"1\" type=\"number\" name=\"team-teams-women-count\" \/><\/span><\/label><br \/>\n<label> \u00dcbernachtung Freitag auf Samstag inkl. Fr\u00fchst\u00fcck ( 12,00 \u20ac pro Person )<br \/>\n<span class=\"wpcf7-form-control-wrap\" data-name=\"team-teamswomen-fri2sat-count\"><input class=\"wpcf7-form-control wpcf7-number wpcf7-validates-as-required wpcf7-validates-as-number\" min=\"0\" max=\"99\" aria-required=\"true\" aria-invalid=\"false\" value=\"0\" type=\"number\" name=\"team-teamswomen-fri2sat-count\" \/><\/span><\/label><br \/>\n<label> \u00dcbernachtung Samstag auf Sonntag inkl. Fr\u00fchst\u00fcck ( 12,00 \u20ac pro Person )<br \/>\n<span class=\"wpcf7-form-control-wrap\" data-name=\"team-teamswomen-sat2sun-count\"><input class=\"wpcf7-form-control wpcf7-number wpcf7-validates-as-required wpcf7-validates-as-number\" min=\"0\" max=\"99\" aria-required=\"true\" aria-invalid=\"false\" value=\"0\" type=\"number\" name=\"team-teamswomen-sat2sun-count\" \/><\/span><\/label>\n\t<\/p>\n<\/div>\n<div class=\"zm_headline_redcarpet\">\n\t<h2>Anmerkungen\n\t<\/h2>\n<\/div>\n<p><label> Nachricht (optional)<br \/>\n<span class=\"wpcf7-form-control-wrap\" data-name=\"team-extramessage\"><textarea cols=\"40\" rows=\"10\" maxlength=\"2000\" class=\"wpcf7-form-control wpcf7-textarea\" aria-invalid=\"false\" name=\"team-extramessage\"><\/textarea><\/span> <\/label>\n<\/p>\n<p><span class=\"wpcf7-form-control-wrap\" data-name=\"acceptance-835\"><span class=\"wpcf7-form-control wpcf7-acceptance\"><span class=\"wpcf7-list-item\"><label><input type=\"checkbox\" name=\"acceptance-835\" value=\"1\" aria-invalid=\"false\" \/><span class=\"wpcf7-list-item-label\">Ich akzeptiere die elektronische Speicherung meiner Daten gem\u00e4\u00df der Datenschutzrichtlinien. *<\/span><\/label><\/span><\/span><\/span>\n<\/p>\n<p><button class=\"wpcf7-form-control wpcf7-submit has-spinner et_pb_button et_pb_bg_layout_light\" type=\"submit\" value=\"Senden\">Senden<\/button>\n<\/p><div class=\"wpcf7-response-output\" aria-hidden=\"true\"><\/div>\n<\/form>\n<\/div>\n\n\t\t\t<\/div>\n\t\t\t\t<\/div>\n\t\t\t<\/div><\/p>\n","protected":false},"author":1,"featured_media":0,"parent":0,"menu_order":0,"comment_status":"closed","ping_status":"closed","template":"","meta":{"_et_pb_use_builder":"on","_et_pb_old_content":"<!-- wp:divi\/placeholder \/-->","_et_gb_content_width":"","footnotes":""},"class_list":["post-217","page","type-page","status-publish","hentry"],"_links":{"self":[{"href":"https:\/\/euregio-cup.de\/index.php?rest_route=\/wp\/v2\/pages\/217","targetHints":{"allow":["GET"]}}],"collection":[{"href":"https:\/\/euregio-cup.de\/index.php?rest_route=\/wp\/v2\/pages"}],"about":[{"href":"https:\/\/euregio-cup.de\/index.php?rest_route=\/wp\/v2\/types\/page"}],"author":[{"embeddable":true,"href":"https:\/\/euregio-cup.de\/index.php?rest_route=\/wp\/v2\/users\/1"}],"replies":[{"embeddable":true,"href":"https:\/\/euregio-cup.de\/index.php?rest_route=%2Fwp%2Fv2%2Fcomments&post=217"}],"version-history":[{"count":28,"href":"https:\/\/euregio-cup.de\/index.php?rest_route=\/wp\/v2\/pages\/217\/revisions"}],"predecessor-version":[{"id":313,"href":"https:\/\/euregio-cup.de\/index.php?rest_route=\/wp\/v2\/pages\/217\/revisions\/313"}],"wp:attachment":[{"href":"https:\/\/euregio-cup.de\/index.php?rest_route=%2Fwp%2Fv2%2Fmedia&parent=217"}],"curies":[{"name":"wp","href":"https:\/\/api.w.org\/{rel}","templated":true}]}}