{"id":348,"date":"2026-03-25T14:49:12","date_gmt":"2026-03-25T13:49:12","guid":{"rendered":"https:\/\/bit2.xyz\/ecup\/?page_id=348"},"modified":"2026-03-27T09:26:55","modified_gmt":"2026-03-27T08:26:55","slug":"allgemeines","status":"publish","type":"page","link":"https:\/\/euregio-cup.de\/?page_id=348","title":{"rendered":"Das Turnier"},"content":{"rendered":"<p>[et_pb_section fb_built=&#8220;1&#8243; _builder_version=&#8220;4.27.6&#8243; _module_preset=&#8220;default&#8220; global_colors_info=&#8220;{}&#8220; theme_builder_area=&#8220;post_content&#8220;][et_pb_row admin_label=&#8220;row&#8220; _builder_version=&#8220;4.27.6&#8243; background_size=&#8220;initial&#8220; background_position=&#8220;top_left&#8220; background_repeat=&#8220;repeat&#8220; width=&#8220;100%&#8220; custom_padding=&#8220;0px||||false|false&#8220; border_width_top=&#8220;1px&#8220; border_color_top=&#8220;#cc141d&#8220; locked=&#8220;off&#8220; global_colors_info=&#8220;{}&#8220; theme_builder_area=&#8220;post_content&#8220;][et_pb_column type=&#8220;4_4&#8243; _builder_version=&#8220;4.16&#8243; custom_padding=&#8220;|||&#8220; global_colors_info=&#8220;{}&#8220; custom_padding__hover=&#8220;|||&#8220; theme_builder_area=&#8220;post_content&#8220;][et_pb_text admin_label=&#8220;Text&#8220; _builder_version=&#8220;4.27.6&#8243; header_2_font=&#8220;|700|on|||on|||&#8220; header_2_text_align=&#8220;center&#8220; header_2_text_color=&#8220;#FFFFFF&#8220; header_2_font_size=&#8220;20px&#8220; background_color=&#8220;#cc141d&#8220; background_size=&#8220;initial&#8220; background_position=&#8220;top_left&#8220; background_repeat=&#8220;repeat&#8220; width=&#8220;50%&#8220; custom_padding=&#8220;10px||||false|false&#8220; border_radii=&#8220;off|||10px|&#8220; global_colors_info=&#8220;{}&#8220; theme_builder_area=&#8220;post_content&#8220;]<\/p>\n<h2>Der Ablauf<\/h2>\n<p>[\/et_pb_text][et_pb_text admin_label=&#8220;Text&#8220; _builder_version=&#8220;4.27.6&#8243; text_font_size=&#8220;16px&#8220; background_size=&#8220;initial&#8220; background_position=&#8220;top_left&#8220; background_repeat=&#8220;repeat&#8220; hover_enabled=&#8220;0&#8243; global_colors_info=&#8220;{}&#8220; theme_builder_area=&#8220;post_content&#8220; sticky_enabled=&#8220;0&#8243;]<\/p>\n<p><strong>Das Turnier<\/strong><\/p>\n<p><strong> <\/strong><\/p>\n<p><strong><\/strong>Zwei Tage voller Emotionen, Teamgeist und sportlicher Highlights! Beim gr\u00f6\u00dften E-Jugendturnier Deutschlands treffen Nachwuchstalente aus dem gesamten Bundesgebiet aufeinander. Hier stehen Fairplay, Freude am Sport und unvergessliche Momente im Mittelpunkt.<\/p>\n<p><strong>Das erwartet euch<\/strong><\/p>\n<ul>\n<li>Hochklassige Spiele auf mehreren Spielfeldern<\/li>\n<li>Begegnungen mit Teams aus ganz Deutschland<\/li>\n<li>Rahmenprogramm &amp; \u00dcberraschungen<\/li>\n<li>Medaillen &amp; Auszeichnungen f\u00fcr alle Teilnehmenden<\/li>\n<li>Professionelle Turnieratmosph\u00e4re<\/li>\n<\/ul>\n<p><strong>Turnierdetails<\/strong><\/p>\n<ul>\n<li>21. &#8211; 23. August 2026<\/li>\n<li>Euregium &amp; Kreissporthallen<\/li>\n<li>Teilnahme f\u00fcr E-Jugend-Mannschaften<\/li>\n<li>Spielplan &amp; Gruppen werden vorab bekanntgegeben<\/li>\n<\/ul>\n<p><strong>Turnierablauf<\/strong><\/p>\n<p><em><span style=\"text-decoration: underline;\"><strong>Samstag &#8211; Vorrunde<\/strong><\/span><\/em><\/p>\n<p>von 09:00 &#8211; 13:30 Uhr: weibliche E-Jugend<br \/><em>Einlaufen der Mannschaften um 08:40 Uhr<br \/><\/em><br \/>von 14:00 &#8211; 18:30 Uhr: m\u00e4nnliche E-Jugend<br \/><em>Einlaufen der Mannschaften um ca. 13:40 Uhr<\/em><\/p>\n<p><em><span style=\"text-decoration: underline;\"><strong>Sonntag &#8211; Finalrunde<\/strong><\/span><\/em><\/p>\n<p>von 09:00 &#8211; 11:00 Uhr: weibliche E-Jugend<em><br \/>Einlaufen der Mannschaften um 08:45 Uhr<br \/><\/em><br \/>von 11:45 &#8211; 13:45 Uhr: m\u00e4nnliche E-Jugend<em><br \/>Einlaufen der Mannschaften um ca. 11:30 Uhr<\/em><\/p>\n<p>Im Anschluss gro\u00dfe Siegerehrung<\/p>\n<p><strong>Unterk\u00fcnfte<\/strong><\/p>\n<ul>\n<li>\u00dcbernachtungsm\u00f6glichkeiten werden \u00fcber den Zeitraum des Turniers angeboten (weitere Informationen folgen in K\u00fcrze)<\/li>\n<\/ul>\n<p><strong>Anmeldung &amp; Infos<\/strong><\/p>\n<ul>\n<li>Die Anmeldung ist ab sofort m\u00f6glich. Die Teilnehmerzahl ist begrenzt &#8211; eine fr\u00fchzeitige Anmeldung wird empfohlen.<\/li>\n<li>Die Anmeldung erfolgt online \u00fcber unsere Webseite oder per E-Mail an <a href=\"mailto:info@euregio-cup.de\">info@euregio-cup.de<\/a><\/li>\n<li>Weitere Infos erhaltet ihr \u00fcber unsere Social Media-Kan\u00e4le (@sport.er.leben)<\/li>\n<\/ul>\n<p>[\/et_pb_text][\/et_pb_column][\/et_pb_row][\/et_pb_section]<\/p>\n","protected":false},"excerpt":{"rendered":"<p>Der AblaufDas Turnier Zwei Tage voller Emotionen, Teamgeist und sportlicher Highlights! Beim gr\u00f6\u00dften E-Jugendturnier Deutschlands treffen Nachwuchstalente aus dem gesamten Bundesgebiet aufeinander. Hier stehen Fairplay, Freude am Sport und unvergessliche Momente im Mittelpunkt. Das erwartet euch Hochklassige Spiele auf mehreren Spielfeldern Begegnungen mit Teams aus ganz Deutschland Rahmenprogramm &amp; \u00dcberraschungen Medaillen &amp; Auszeichnungen f\u00fcr alle Teilnehmenden Professionelle Turnieratmosph\u00e4re Turnierdetails 21. &#8211; 23. August 2026 Euregium &amp; Kreissporthallen Teilnahme f\u00fcr E-Jugend-Mannschaften Spielplan &amp; Gruppen werden vorab bekanntgegeben Turnierablauf Samstag &#8211; Vorrunde von 09:00 &#8211; 13:30 Uhr: weibliche E-JugendEinlaufen der Mannschaften um 08:40 Uhrvon 14:00 &#8211; 18:30 Uhr: m\u00e4nnliche E-JugendEinlaufen der Mannschaften um ca. 13:40 Uhr Sonntag &#8211; Finalrunde von 09:00 &#8211; 11:00 Uhr: weibliche E-JugendEinlaufen der Mannschaften um 08:45 Uhrvon 11:45 &#8211; 13:45 Uhr: m\u00e4nnliche E-JugendEinlaufen der Mannschaften um ca. 11:30 Uhr Im Anschluss gro\u00dfe Siegerehrung Unterk\u00fcnfte \u00dcbernachtungsm\u00f6glichkeiten werden \u00fcber den Zeitraum des Turniers angeboten (weitere Informationen folgen in K\u00fcrze) Anmeldung &amp; Infos Die Anmeldung ist ab sofort m\u00f6glich. Die Teilnehmerzahl ist begrenzt &#8211; eine fr\u00fchzeitige Anmeldung wird empfohlen. Die Anmeldung erfolgt online \u00fcber unsere Webseite oder per E-Mail an info@euregio-cup.de Weitere Infos erhaltet ihr \u00fcber unsere Social Media-Kan\u00e4le (@sport.er.leben)<\/p>\n","protected":false},"author":1,"featured_media":0,"parent":0,"menu_order":0,"comment_status":"closed","ping_status":"closed","template":"","meta":{"_et_pb_use_builder":"on","_et_pb_old_content":"","_et_gb_content_width":"","footnotes":""},"class_list":["post-348","page","type-page","status-publish","hentry"],"_links":{"self":[{"href":"https:\/\/euregio-cup.de\/index.php?rest_route=\/wp\/v2\/pages\/348","targetHints":{"allow":["GET"]}}],"collection":[{"href":"https:\/\/euregio-cup.de\/index.php?rest_route=\/wp\/v2\/pages"}],"about":[{"href":"https:\/\/euregio-cup.de\/index.php?rest_route=\/wp\/v2\/types\/page"}],"author":[{"embeddable":true,"href":"https:\/\/euregio-cup.de\/index.php?rest_route=\/wp\/v2\/users\/1"}],"replies":[{"embeddable":true,"href":"https:\/\/euregio-cup.de\/index.php?rest_route=%2Fwp%2Fv2%2Fcomments&post=348"}],"version-history":[{"count":6,"href":"https:\/\/euregio-cup.de\/index.php?rest_route=\/wp\/v2\/pages\/348\/revisions"}],"predecessor-version":[{"id":418,"href":"https:\/\/euregio-cup.de\/index.php?rest_route=\/wp\/v2\/pages\/348\/revisions\/418"}],"wp:attachment":[{"href":"https:\/\/euregio-cup.de\/index.php?rest_route=%2Fwp%2Fv2%2Fmedia&parent=348"}],"curies":[{"name":"wp","href":"https:\/\/api.w.org\/{rel}","templated":true}]}}