{"id":359,"date":"2026-03-25T15:31:02","date_gmt":"2026-03-25T14:31:02","guid":{"rendered":"https:\/\/bit2.xyz\/ecup\/?page_id=359"},"modified":"2026-03-26T08:17:24","modified_gmt":"2026-03-26T07:17:24","slug":"aktivitaeten","status":"publish","type":"page","link":"https:\/\/euregio-cup.de\/?page_id=359","title":{"rendered":"Aktivit\u00e4ten"},"content":{"rendered":"<p>[et_pb_section fb_built=&#8220;1&#8243; _builder_version=&#8220;4.27.6&#8243; _module_preset=&#8220;default&#8220; global_colors_info=&#8220;{}&#8220; theme_builder_area=&#8220;post_content&#8220;][et_pb_row admin_label=&#8220;row&#8220; _builder_version=&#8220;4.27.6&#8243; background_size=&#8220;initial&#8220; background_position=&#8220;top_left&#8220; background_repeat=&#8220;repeat&#8220; width=&#8220;100%&#8220; custom_padding=&#8220;0px||||false|false&#8220; border_width_top=&#8220;1px&#8220; border_color_top=&#8220;#cc141d&#8220; locked=&#8220;off&#8220; global_colors_info=&#8220;{}&#8220; theme_builder_area=&#8220;post_content&#8220;][et_pb_column type=&#8220;4_4&#8243; _builder_version=&#8220;4.16&#8243; custom_padding=&#8220;|||&#8220; global_colors_info=&#8220;{}&#8220; custom_padding__hover=&#8220;|||&#8220; theme_builder_area=&#8220;post_content&#8220;][et_pb_text admin_label=&#8220;Text&#8220; _builder_version=&#8220;4.27.6&#8243; header_2_font=&#8220;|700|on|||on|||&#8220; header_2_text_align=&#8220;center&#8220; header_2_text_color=&#8220;#FFFFFF&#8220; header_2_font_size=&#8220;20px&#8220; background_color=&#8220;#cc141d&#8220; background_size=&#8220;initial&#8220; background_position=&#8220;top_left&#8220; background_repeat=&#8220;repeat&#8220; width=&#8220;50%&#8220; custom_padding=&#8220;10px||||false|false&#8220; border_radii=&#8220;off|||10px|&#8220; global_colors_info=&#8220;{}&#8220; theme_builder_area=&#8220;post_content&#8220;]<\/p>\n<h2>Aktivit\u00e4ten<\/h2>\n<p>[\/et_pb_text][et_pb_text admin_label=&#8220;Text&#8220; _builder_version=&#8220;4.27.6&#8243; text_font_size=&#8220;16px&#8220; background_size=&#8220;initial&#8220; background_position=&#8220;top_left&#8220; background_repeat=&#8220;repeat&#8220; hover_enabled=&#8220;0&#8243; global_colors_info=&#8220;{}&#8220; theme_builder_area=&#8220;post_content&#8220; sticky_enabled=&#8220;0&#8243;]<\/p>\n<p><strong>Tierpark<\/strong><\/p>\n<p><strong><\/strong>Besucht den <a href=\"https:\/\/www.tierpark-nordhorn.de\/\" target=\"_blank\" rel=\"noopener\">Tierpark Nordhorn <\/a>zu verg\u00fcnstigten Konditionen. Unser Tierpark bietet eine tolle M\u00f6glichkeit, um sich dort in der spielfreien Zeit aufzuhalten. Meldet euch als Mannschaft bei uns, und wir k\u00fcmmern uns um alles Weitere.<\/p>\n<p><strong>Programm<\/strong><\/p>\n<ul>\n<li>Kevin K\u00fcck ist als Fu\u00dfballfreeestyler vor Ort und zeigt euch seine Tricks und Tipps mit seiner Performance: <a href=\"https:\/\/www.fussballfreestyler.com\/\" target=\"_blank\" rel=\"noopener\">https:\/\/www.fussballfreestyler.com\/<\/a><\/li>\n<li>Ein Zauberer f\u00fcr die Kids<\/li>\n<li>Kinderschminken vom <a href=\"https:\/\/www.kinderschutzbund-grafschaft-bentheim.de\/\" target=\"_blank\" rel=\"noopener\">Kinderschutzbund Grafschaft Bentheim<\/a><\/li>\n<li><a href=\"https:\/\/hospizhilfe.de\/\" target=\"_blank\" rel=\"noopener\">Hospizhilfe Grafschaft Bentheim<\/a><\/li>\n<li>Aktionsfl\u00e4chen au\u00dferhalb der Halle, z.B. H\u00fcpfburgen, Kletter-, und Wurfwand<\/li>\n<li>Verlosung eines Trikotsatzes (unabh\u00e4ngig von der Turnierplatzierung)<\/li>\n<li>Kindergerechte Tombola mit greifbaren Preisen f\u00fcr die Kids\n<\/li>\n<\/ul>\n<p>Geplant: Benefizspiel am Samstag, 20:00 Uhr<br \/><strong>zwischen zwei Profimannschaften!<\/strong><\/p>\n<p>[\/et_pb_text][\/et_pb_column][\/et_pb_row][\/et_pb_section]<\/p>\n","protected":false},"excerpt":{"rendered":"<p>Aktivit\u00e4tenTierpark Besucht den Tierpark Nordhorn zu verg\u00fcnstigten Konditionen. Unser Tierpark bietet eine tolle M\u00f6glichkeit, um sich dort in der spielfreien Zeit aufzuhalten. Meldet euch als Mannschaft bei uns, und wir k\u00fcmmern uns um alles Weitere. Programm Kevin K\u00fcck ist als Fu\u00dfballfreeestyler vor Ort und zeigt euch seine Tricks und Tipps mit seiner Performance: https:\/\/www.fussballfreestyler.com\/ Ein Zauberer f\u00fcr die Kids Kinderschminken vom Kinderschutzbund Grafschaft Bentheim Hospizhilfe Grafschaft Bentheim Aktionsfl\u00e4chen au\u00dferhalb der Halle, z.B. H\u00fcpfburgen, Kletter-, und Wurfwand Verlosung eines Trikotsatzes (unabh\u00e4ngig von der Turnierplatzierung) Kindergerechte Tombola mit greifbaren Preisen f\u00fcr die Kids Geplant: Benefizspiel am Samstag, 20:00 Uhrzwischen zwei Profimannschaften!<\/p>\n","protected":false},"author":1,"featured_media":0,"parent":0,"menu_order":0,"comment_status":"closed","ping_status":"closed","template":"","meta":{"_et_pb_use_builder":"on","_et_pb_old_content":"","_et_gb_content_width":"","footnotes":""},"class_list":["post-359","page","type-page","status-publish","hentry"],"_links":{"self":[{"href":"https:\/\/euregio-cup.de\/index.php?rest_route=\/wp\/v2\/pages\/359","targetHints":{"allow":["GET"]}}],"collection":[{"href":"https:\/\/euregio-cup.de\/index.php?rest_route=\/wp\/v2\/pages"}],"about":[{"href":"https:\/\/euregio-cup.de\/index.php?rest_route=\/wp\/v2\/types\/page"}],"author":[{"embeddable":true,"href":"https:\/\/euregio-cup.de\/index.php?rest_route=\/wp\/v2\/users\/1"}],"replies":[{"embeddable":true,"href":"https:\/\/euregio-cup.de\/index.php?rest_route=%2Fwp%2Fv2%2Fcomments&post=359"}],"version-history":[{"count":6,"href":"https:\/\/euregio-cup.de\/index.php?rest_route=\/wp\/v2\/pages\/359\/revisions"}],"predecessor-version":[{"id":385,"href":"https:\/\/euregio-cup.de\/index.php?rest_route=\/wp\/v2\/pages\/359\/revisions\/385"}],"wp:attachment":[{"href":"https:\/\/euregio-cup.de\/index.php?rest_route=%2Fwp%2Fv2%2Fmedia&parent=359"}],"curies":[{"name":"wp","href":"https:\/\/api.w.org\/{rel}","templated":true}]}}