{"id":49,"date":"2026-03-19T13:30:09","date_gmt":"2026-03-19T12:30:09","guid":{"rendered":"https:\/\/bit2.xyz\/ecup\/?page_id=49"},"modified":"2026-03-25T15:48:41","modified_gmt":"2026-03-25T14:48:41","slug":"ueber-uns","status":"publish","type":"page","link":"https:\/\/euregio-cup.de\/?page_id=49","title":{"rendered":"\u00dcber uns"},"content":{"rendered":"<p>[et_pb_section fb_built=&#8220;1&#8243; admin_label=&#8220;section&#8220; _builder_version=&#8220;4.27.6&#8243; custom_padding=&#8220;0px||||false|false&#8220; global_colors_info=&#8220;{}&#8220; theme_builder_area=&#8220;post_content&#8220;][et_pb_row admin_label=&#8220;row&#8220; _builder_version=&#8220;4.27.6&#8243; background_size=&#8220;initial&#8220; background_position=&#8220;top_left&#8220; background_repeat=&#8220;repeat&#8220; width=&#8220;100%&#8220; global_colors_info=&#8220;{}&#8220; theme_builder_area=&#8220;post_content&#8220;][et_pb_column type=&#8220;4_4&#8243; _builder_version=&#8220;4.16&#8243; custom_padding=&#8220;|||&#8220; global_colors_info=&#8220;{}&#8220; custom_padding__hover=&#8220;|||&#8220; theme_builder_area=&#8220;post_content&#8220;][et_pb_image src=&#8220;https:\/\/euregio-cup.de\/wp-content\/uploads\/2026\/03\/sporterleben_logo.png&#8220; alt=&#8220;Sporterleben-Nordhorn e.V.&#8220; title_text=&#8220;Sporterleben-Nordhorn e.V.&#8220; _builder_version=&#8220;4.27.6&#8243; _module_preset=&#8220;default&#8220; global_colors_info=&#8220;{}&#8220; theme_builder_area=&#8220;post_content&#8220;][\/et_pb_image][\/et_pb_column][\/et_pb_row][et_pb_row admin_label=&#8220;row&#8220; _builder_version=&#8220;4.27.6&#8243; background_size=&#8220;initial&#8220; background_position=&#8220;top_left&#8220; background_repeat=&#8220;repeat&#8220; width=&#8220;100%&#8220; custom_padding=&#8220;0px||||false|false&#8220; border_width_top=&#8220;1px&#8220; border_color_top=&#8220;#cc141d&#8220; global_colors_info=&#8220;{}&#8220; theme_builder_area=&#8220;post_content&#8220;][et_pb_column type=&#8220;4_4&#8243; _builder_version=&#8220;4.16&#8243; custom_padding=&#8220;|||&#8220; global_colors_info=&#8220;{}&#8220; custom_padding__hover=&#8220;|||&#8220; theme_builder_area=&#8220;post_content&#8220;][et_pb_text admin_label=&#8220;Text&#8220; _builder_version=&#8220;4.27.6&#8243; header_2_font=&#8220;|700|on|||on|||&#8220; header_2_text_align=&#8220;center&#8220; header_2_text_color=&#8220;#FFFFFF&#8220; header_2_font_size=&#8220;20px&#8220; background_color=&#8220;#cc141d&#8220; background_size=&#8220;initial&#8220; background_position=&#8220;top_left&#8220; background_repeat=&#8220;repeat&#8220; width=&#8220;50%&#8220; custom_padding=&#8220;10px||||false|false&#8220; border_radii=&#8220;off|||10px|&#8220; global_colors_info=&#8220;{}&#8220; theme_builder_area=&#8220;post_content&#8220;]<\/p>\n<h2>Gemeinsam durch Sport Gutes tun<\/h2>\n<p>[\/et_pb_text][et_pb_text admin_label=&#8220;Text&#8220; _builder_version=&#8220;4.27.6&#8243; text_font_size=&#8220;16px&#8220; background_size=&#8220;initial&#8220; background_position=&#8220;top_left&#8220; background_repeat=&#8220;repeat&#8220; hover_enabled=&#8220;0&#8243; global_colors_info=&#8220;{}&#8220; theme_builder_area=&#8220;post_content&#8220; sticky_enabled=&#8220;0&#8243;]<\/p>\n<p><em>Sporterleben Nordhorn e.V.<\/em>\u00a0ist ein gemeinn\u00fctziger Verein mit dem Ziel, durch Sportveranstaltungen wohlt\u00e4tige Zwecke zu unterst\u00fctzen. Unser Fokus liegt darauf, besonders schwerkranke Menschen und Hospizprojekte zu f\u00f6rdern, insbesondere Kinderhospize. Sport ist f\u00fcr uns nicht nur Bewegung, sondern ein Instrument, um gesellschaftlichen Zusammenhalt zu st\u00e4rken und das soziale Engagement in der Region zu f\u00f6rdern.<\/p>\n<p>Ein besonderes Highlight unserer Vereinsarbeit ist das j\u00e4hrliche Benefiz-Fu\u00dfballspiel, bei dem Bundesliga-Legenden, wie von Borussia Dortmund, gegen regionale Teams antreten. Diese Veranstaltung zieht viele Zuschauer an und bietet eine gro\u00dfartige Gelegenheit f\u00fcr die lokale Bev\u00f6lkerung, ehemalige Profisportler hautnah zu erleben. Begleitet von einem abwechslungsreichen Rahmenprogramm bieten wir Familien und Kindern ein unvergessliches Erlebnis, das zugleich einem guten Zweck dient.<\/p>\n<p>Dar\u00fcber hinaus organisieren wir den EUREGIO-Cup, ein Handballturnier f\u00fcr junge Talente aus der Region. Diese Veranstaltungen zielen darauf ab, Kinder und Jugendliche zu ermutigen, aktiv Sport zu treiben und Teil einer Gemeinschaft zu sein. Der Erl\u00f6s all unserer Aktionen flie\u00dft vollst\u00e4ndig in gemeinn\u00fctzige Projekte, die Menschen unterst\u00fctzen und positive Ver\u00e4nderungen bewirken.<\/p>\n<p>Auch 2024 haben wir den Euregio-Cup bereits mit viel Herzblut und gro\u00dfem Erfolg organisiert, Informationen findet ihr auf unserer Webseite: <a href=\"https:\/\/sporterlebennordhorn.de\/euregio-cup-2024\/\" target=\"_blank\" rel=\"noopener\">https:\/\/sporterlebennordhorn.de\/euregio-cup-2024\/<\/a><\/p>\n<p>[\/et_pb_text][\/et_pb_column][\/et_pb_row][\/et_pb_section]<\/p>\n","protected":false},"excerpt":{"rendered":"<p>Gemeinsam durch Sport Gutes tunSporterleben Nordhorn e.V.\u00a0ist ein gemeinn\u00fctziger Verein mit dem Ziel, durch Sportveranstaltungen wohlt\u00e4tige Zwecke zu unterst\u00fctzen. Unser Fokus liegt darauf, besonders schwerkranke Menschen und Hospizprojekte zu f\u00f6rdern, insbesondere Kinderhospize. Sport ist f\u00fcr uns nicht nur Bewegung, sondern ein Instrument, um gesellschaftlichen Zusammenhalt zu st\u00e4rken und das soziale Engagement in der Region zu f\u00f6rdern. Ein besonderes Highlight unserer Vereinsarbeit ist das j\u00e4hrliche Benefiz-Fu\u00dfballspiel, bei dem Bundesliga-Legenden, wie von Borussia Dortmund, gegen regionale Teams antreten. Diese Veranstaltung zieht viele Zuschauer an und bietet eine gro\u00dfartige Gelegenheit f\u00fcr die lokale Bev\u00f6lkerung, ehemalige Profisportler hautnah zu erleben. Begleitet von einem abwechslungsreichen Rahmenprogramm bieten wir Familien und Kindern ein unvergessliches Erlebnis, das zugleich einem guten Zweck dient. Dar\u00fcber hinaus organisieren wir den EUREGIO-Cup, ein Handballturnier f\u00fcr junge Talente aus der Region. Diese Veranstaltungen zielen darauf ab, Kinder und Jugendliche zu ermutigen, aktiv Sport zu treiben und Teil einer Gemeinschaft zu sein. Der Erl\u00f6s all unserer Aktionen flie\u00dft vollst\u00e4ndig in gemeinn\u00fctzige Projekte, die Menschen unterst\u00fctzen und positive Ver\u00e4nderungen bewirken. Auch 2024 haben wir den Euregio-Cup bereits mit viel Herzblut und gro\u00dfem Erfolg organisiert, Informationen findet ihr auf unserer Webseite: https:\/\/sporterlebennordhorn.de\/euregio-cup-2024\/<\/p>\n","protected":false},"author":1,"featured_media":0,"parent":0,"menu_order":0,"comment_status":"closed","ping_status":"closed","template":"","meta":{"_et_pb_use_builder":"on","_et_pb_old_content":"<!-- wp:heading -->\n<h2 class=\"wp-block-heading\">Gemeinsam durch Sport Gutes tun<\/h2>\n<!-- \/wp:heading -->\n\n<!-- wp:paragraph -->\n<p><em>Sporterleben Nordhorn e.V.<\/em>&nbsp;ist ein gemeinn\u00fctziger Verein mit dem Ziel, durch Sportveranstaltungen wohlt\u00e4tige Zwecke zu unterst\u00fctzen. Unser Fokus liegt darauf, besonders schwerkranke Menschen und Hospizprojekte zu f\u00f6rdern, insbesondere Kinderhospize. Sport ist f\u00fcr uns nicht nur Bewegung, sondern ein Instrument, um gesellschaftlichen Zusammenhalt zu st\u00e4rken und das soziale Engagement in der Region zu f\u00f6rdern.<\/p>\n<!-- \/wp:paragraph -->\n\n<!-- wp:paragraph -->\n<p>Ein besonderes Highlight unserer Vereinsarbeit ist das j\u00e4hrliche Benefiz-Fu\u00dfballspiel, bei dem Bundesliga-Legenden, wie von Borussia Dortmund, gegen regionale Teams antreten. Diese Veranstaltung zieht viele Zuschauer an und bietet eine gro\u00dfartige Gelegenheit f\u00fcr die lokale Bev\u00f6lkerung, ehemalige Profisportler hautnah zu erleben. Begleitet von einem abwechslungsreichen Rahmenprogramm bieten wir Familien und Kindern ein unvergessliches Erlebnis, das zugleich einem guten Zweck dient.<\/p>\n<!-- \/wp:paragraph -->\n\n<!-- wp:paragraph -->\n<p>Dar\u00fcber hinaus organisieren wir den EUREGIO-Cup, ein Fu\u00dfballturnier f\u00fcr junge Talente aus der Region. Diese Veranstaltungen zielen darauf ab, Kinder und Jugendliche zu ermutigen, aktiv Sport zu treiben und Teil einer Gemeinschaft zu sein. Der Erl\u00f6s all unserer Aktionen flie\u00dft vollst\u00e4ndig in gemeinn\u00fctzige Projekte, die Menschen unterst\u00fctzen und positive Ver\u00e4nderungen bewirken.<\/p>\n<!-- \/wp:paragraph -->","_et_gb_content_width":"","footnotes":""},"class_list":["post-49","page","type-page","status-publish","hentry"],"_links":{"self":[{"href":"https:\/\/euregio-cup.de\/index.php?rest_route=\/wp\/v2\/pages\/49","targetHints":{"allow":["GET"]}}],"collection":[{"href":"https:\/\/euregio-cup.de\/index.php?rest_route=\/wp\/v2\/pages"}],"about":[{"href":"https:\/\/euregio-cup.de\/index.php?rest_route=\/wp\/v2\/types\/page"}],"author":[{"embeddable":true,"href":"https:\/\/euregio-cup.de\/index.php?rest_route=\/wp\/v2\/users\/1"}],"replies":[{"embeddable":true,"href":"https:\/\/euregio-cup.de\/index.php?rest_route=%2Fwp%2Fv2%2Fcomments&post=49"}],"version-history":[{"count":9,"href":"https:\/\/euregio-cup.de\/index.php?rest_route=\/wp\/v2\/pages\/49\/revisions"}],"predecessor-version":[{"id":372,"href":"https:\/\/euregio-cup.de\/index.php?rest_route=\/wp\/v2\/pages\/49\/revisions\/372"}],"wp:attachment":[{"href":"https:\/\/euregio-cup.de\/index.php?rest_route=%2Fwp%2Fv2%2Fmedia&parent=49"}],"curies":[{"name":"wp","href":"https:\/\/api.w.org\/{rel}","templated":true}]}}