{"id":55,"date":"2026-03-19T13:31:47","date_gmt":"2026-03-19T12:31:47","guid":{"rendered":"https:\/\/bit2.xyz\/ecup\/?page_id=55"},"modified":"2026-03-21T23:55:05","modified_gmt":"2026-03-21T22:55:05","slug":"reglement","status":"publish","type":"page","link":"https:\/\/euregio-cup.de\/?page_id=55","title":{"rendered":"Reglement"},"content":{"rendered":"<p>[et_pb_section fb_built=&#8220;1&#8243; _builder_version=&#8220;4.27.6&#8243; _module_preset=&#8220;default&#8220; global_colors_info=&#8220;{}&#8220; theme_builder_area=&#8220;post_content&#8220;][et_pb_row _builder_version=&#8220;4.27.6&#8243; _module_preset=&#8220;default&#8220; width=&#8220;100%&#8220; custom_padding=&#8220;0px||||false|false&#8220; border_width_top=&#8220;1px&#8220; border_color_top=&#8220;#cc141d&#8220; global_colors_info=&#8220;{}&#8220; theme_builder_area=&#8220;post_content&#8220;][et_pb_column type=&#8220;4_4&#8243; _builder_version=&#8220;4.27.6&#8243; _module_preset=&#8220;default&#8220; global_colors_info=&#8220;{}&#8220; theme_builder_area=&#8220;post_content&#8220;][et_pb_text _builder_version=&#8220;4.27.6&#8243; _module_preset=&#8220;default&#8220; header_font=&#8220;||on|||on|||&#8220; header_text_align=&#8220;center&#8220; header_text_color=&#8220;#FFFFFF&#8220; header_font_size=&#8220;26px&#8220; background_color=&#8220;#cc141d&#8220; width=&#8220;50%&#8220; custom_margin=&#8220;||||false|false&#8220; custom_padding=&#8220;5px||||false|false&#8220; hover_enabled=&#8220;0&#8243; border_radii=&#8220;off|||10px|&#8220; global_colors_info=&#8220;{}&#8220; theme_builder_area=&#8220;post_content&#8220; sticky_enabled=&#8220;0&#8243;]<\/p>\n<h1>Das Reglement<\/h1>\n<p>[\/et_pb_text][et_pb_text _builder_version=&#8220;4.27.6&#8243; _module_preset=&#8220;default&#8220; text_font_size=&#8220;16px&#8220; header_font=&#8220;||on|||on|||&#8220; header_text_color=&#8220;#FFFFFF&#8220; header_3_font=&#8220;||on|||on|||&#8220; header_3_font_size=&#8220;20px&#8220; global_colors_info=&#8220;{}&#8220; theme_builder_area=&#8220;post_content&#8220;]<\/p>\n<p>Gespielt wird nach den Regeln der Internationalen Handball-F\u00f6rderation (IHF), soweit nachstehend nichts anderes bestimmt wird.<\/p>\n<h3>1. Altersklassen<\/h3>\n<p>Weibliche \/ M\u00e4nnliche E-Jugend: Jahrgang 2016 und j\u00fcnger ( bei der m\u00e4nnlichen Mannschaft k\u00f6nnen auch M\u00e4dchen mitspielen)<\/p>\n<h3>2. Spielmodus<\/h3>\n<p>Anwurf hat jeweils das erstgenannte Team. Es ist auch bei verwechselbarem Trikot zum Tragen von Leibchen verpflichtet. Es wird 6 vs 6 gespielt. <\/p>\n<ul>\n<li>Vorrunde: 4 Gruppen a 6 Mannschaften. Modus: \u201eJeder gegen Jeden\u201c. Jeweilige Gruppensieger und Zweite kommen in die Hauptrunde<\/li>\n<li>Hauptrunde: 8 Mannschaften. K.O System aus jeweiligen Gruppen.<\/li>\n<li>Halbfinale: Finale<\/li>\n<li>Siegerehrung<\/li>\n<\/ul>\n<h3>3. Spielerliste<\/h3>\n<p>Pflichtangaben in der Spielerliste sind: Verein, Altersklasse, Nr. (Trikotnr.), Name, Vorname und Unterschrift des Mannschaftsverantwortlichen.<\/p>\n<h3>4. Spielzeit<\/h3>\n<p>Alle Spiele dauern 10 Minuten. Eine Team-Time-Out ist nicht vorgesehen. Time-Out bei 7-m-Strafwurf liegt im Ermessen der Schiedsrichter und sollte nur angezeigt werden, wenn eine deutliche Verz\u00f6gerung erkennbar ist.<\/p>\n<h3>5. Wertung<\/h3>\n<p>In den Gruppenspielen erh\u00e4lt der Sieger zwei Punkte; bei einem Remis erh\u00e4lt jedes Team einen Punkt. Bei Punktgleichheit entscheidet:<\/p>\n<ol>\n<li>der direkte Vergleich<\/li>\n<li>Die Tordifferenz<\/li>\n<li>die Anzahl der geworfenen Tore.<\/li>\n<\/ol>\n<p>Besteht ab der Hauptrunde zum Ende des Spiels Gleichstand, erfolgt ein Pealtywerfen. Viertel-, Halbfinals und Spiele um Platz 3 werden nicht verl\u00e4ngert.<\/p>\n<h3>6. Mannschaftsst\u00e4rke<\/h3>\n<p>Pro Spiel k\u00f6nnen bis zu 16 Spieler eingesetzt werden. Alle Spieler und Betreuer sind in der Mannschaftsliste einzutragen.<\/p>\n<p>Auswahlmannschaften d\u00fcrfen nicht teilnehmen, da hier ausschlie\u00dflich der Vereinssport gef\u00f6rdert werden soll. Gastspieler (2 pro Mannschaft) d\u00fcrfen mitspielen, sofern sie als solche gekennzeichnet sind. Jeder Spieler ist nur f\u00fcr eine Mannschaft spielberechtigt.<\/p>\n<h3>7. Haftmittel<\/h3>\n<p>Das Benutzen von Haftmittel ist untersagt.<\/p>\n<h3>8. Besonderheiten gem. E-Jugend<\/h3>\n<p>Die H\u00f6he der Tore wird auf 1, 60 Meter reduziert. Es gibt keine Einschr\u00e4nkungen in der Spielformation.<\/p>\n<h3>9. Zeitstrafe<\/h3>\n<p>Die Zeitstrafe betr\u00e4gt 1 Minute. Es darf sofort wieder erg\u00e4nzt werden.<\/p>\n<h3>10. Ausschluss\/Disqualifikation<\/h3>\n<p>Bei Ausschluss oder Disqualifikation wegen Schiedsrichterbeleidigung ist der Spieler oder Betreuer automatisch f\u00fcr das n\u00e4chste Spiel gesperrt. Eine Disqualifikation wegen 3 Zeitstrafen oder grober Regelwidrigkeit hat keine Sperre zur Folge. \u00dcber eine m\u00f6gliche h\u00f6here Bestrafung entscheidet das Schiedsgericht.<\/p>\n<h3>11. Einspr\u00fcche<\/h3>\n<p>Einspr\u00fcche sind unmittelbar nach Spielende einzubringen. Ansonsten finden sie keine Ber\u00fccksichtigung mehr.<\/p>\n<h3>12. Schiedsgericht<\/h3>\n<p>Das Schiedsgericht besteht aus dem Rechtsvertreter des Veranstalters und entscheidet sofort und unanfechtbar.<\/p>\n<p>[\/et_pb_text][\/et_pb_column][\/et_pb_row][\/et_pb_section]<\/p>\n","protected":false},"excerpt":{"rendered":"<p>Das ReglementGespielt wird nach den Regeln der Internationalen Handball-F\u00f6rderation (IHF), soweit nachstehend nichts anderes bestimmt wird. 1. Altersklassen Weibliche \/ M\u00e4nnliche E-Jugend: Jahrgang 2016 und j\u00fcnger ( bei der m\u00e4nnlichen Mannschaft k\u00f6nnen auch M\u00e4dchen mitspielen) 2. Spielmodus Anwurf hat jeweils das erstgenannte Team. Es ist auch bei verwechselbarem Trikot zum Tragen von Leibchen verpflichtet. Es wird 6 vs 6 gespielt. Vorrunde: 4 Gruppen a 6 Mannschaften. Modus: \u201eJeder gegen Jeden\u201c. Jeweilige Gruppensieger und Zweite kommen in die Hauptrunde Hauptrunde: 8 Mannschaften. K.O System aus jeweiligen Gruppen. Halbfinale: Finale Siegerehrung 3. Spielerliste Pflichtangaben in der Spielerliste sind: Verein, Altersklasse, Nr. (Trikotnr.), Name, Vorname und Unterschrift des Mannschaftsverantwortlichen. 4. Spielzeit Alle Spiele dauern 10 Minuten. Eine Team-Time-Out ist nicht vorgesehen. Time-Out bei 7-m-Strafwurf liegt im Ermessen der Schiedsrichter und sollte nur angezeigt werden, wenn eine deutliche Verz\u00f6gerung erkennbar ist. 5. Wertung In den Gruppenspielen erh\u00e4lt der Sieger zwei Punkte; bei einem Remis erh\u00e4lt jedes Team einen Punkt. Bei Punktgleichheit entscheidet: der direkte Vergleich Die Tordifferenz die Anzahl der geworfenen Tore. Besteht ab der Hauptrunde zum Ende des Spiels Gleichstand, erfolgt ein Pealtywerfen. Viertel-, Halbfinals und Spiele um Platz 3 werden nicht verl\u00e4ngert. 6. Mannschaftsst\u00e4rke Pro Spiel k\u00f6nnen bis zu 16 Spieler eingesetzt [&hellip;]<\/p>\n","protected":false},"author":1,"featured_media":0,"parent":0,"menu_order":0,"comment_status":"closed","ping_status":"closed","template":"","meta":{"_et_pb_use_builder":"on","_et_pb_old_content":"","_et_gb_content_width":"","footnotes":""},"class_list":["post-55","page","type-page","status-publish","hentry"],"_links":{"self":[{"href":"https:\/\/euregio-cup.de\/index.php?rest_route=\/wp\/v2\/pages\/55","targetHints":{"allow":["GET"]}}],"collection":[{"href":"https:\/\/euregio-cup.de\/index.php?rest_route=\/wp\/v2\/pages"}],"about":[{"href":"https:\/\/euregio-cup.de\/index.php?rest_route=\/wp\/v2\/types\/page"}],"author":[{"embeddable":true,"href":"https:\/\/euregio-cup.de\/index.php?rest_route=\/wp\/v2\/users\/1"}],"replies":[{"embeddable":true,"href":"https:\/\/euregio-cup.de\/index.php?rest_route=%2Fwp%2Fv2%2Fcomments&post=55"}],"version-history":[{"count":7,"href":"https:\/\/euregio-cup.de\/index.php?rest_route=\/wp\/v2\/pages\/55\/revisions"}],"predecessor-version":[{"id":279,"href":"https:\/\/euregio-cup.de\/index.php?rest_route=\/wp\/v2\/pages\/55\/revisions\/279"}],"wp:attachment":[{"href":"https:\/\/euregio-cup.de\/index.php?rest_route=%2Fwp%2Fv2%2Fmedia&parent=55"}],"curies":[{"name":"wp","href":"https:\/\/api.w.org\/{rel}","templated":true}]}}